{"id":9,"date":"2023-04-28T02:15:55","date_gmt":"2023-04-28T02:15:55","guid":{"rendered":"https:\/\/www.huntee.com.mx\/blog\/?page_id=9"},"modified":"2023-05-13T03:04:55","modified_gmt":"2023-05-13T03:04:55","slug":"home","status":"publish","type":"page","link":"https:\/\/www.huntee.com.mx\/blog\/","title":{"rendered":"Home"},"content":{"rendered":"\n<div class=\"wp-block-cover alignfull is-light\" style=\"min-height:720px;aspect-ratio:unset;\"><span aria-hidden=\"true\" class=\"wp-block-cover__background has-background-dim-100 has-background-dim has-background-gradient\" style=\"background:linear-gradient(35deg,rgb(6,0,151) 0%,rgb(130,4,255) 73%,rgb(193,15,255) 100%)\"><\/span><div class=\"wp-block-cover__inner-container is-layout-flow wp-block-cover-is-layout-flow\">\n<div class=\"inherit-container-width wp-block-group alignwide is-layout-constrained wp-block-group-is-layout-constrained\">\n<div class=\"wp-block-media-text alignwide has-media-on-the-right is-stacked-on-mobile is-vertically-aligned-center\" style=\"grid-template-columns:auto 43%\"><div class=\"wp-block-media-text__content\">\n<h1 class=\"wp-block-heading has-text-align-left has-white-color has-text-color\">Head Hunters, Reclutamiento, RPO Consultor\u00eda<\/h1>\n\n\n\n<p><\/p>\n\n\n\n<p><\/p>\n<\/div><figure class=\"wp-block-media-text__media\"><img decoding=\"async\" src=\"https:\/\/www.huntee.com.mx\/blog\/wp-content\/themes\/astra\/inc\/assets\/images\/starter-content\/hero-img.svg\" alt=\"\" class=\"wp-image-118 size-full\"\/><\/figure><\/div>\n<\/div>\n<\/div><\/div>\n\n\n\n<div class=\"wp-block-group alignfull has-ast-global-color-5-background-color has-background is-layout-constrained wp-container-core-group-is-layout-9cedb757 wp-block-group-is-layout-constrained\" style=\"padding-bottom:0px\">\n<div class=\"wp-block-columns are-vertically-aligned-top is-layout-flex wp-container-core-columns-is-layout-00723822 wp-block-columns-is-layout-flex\">\n<div class=\"wp-block-column is-vertically-aligned-top is-layout-flow wp-container-core-column-is-layout-6b73ce23 wp-block-column-is-layout-flow\">\n<figure class=\"wp-block-image size-large\"><img decoding=\"async\" src=\"https:\/\/www.huntee.com.mx\/blog\/wp-content\/themes\/astra\/inc\/assets\/images\/starter-content\/building.svg\" alt=\"\" class=\"wp-image-134\"\/><\/figure>\n\n\n\n<h3 class=\"wp-block-heading has-text-align-left\" style=\"margin-top:16px\">Head Hunting<\/h3>\n\n\n\n<p class=\"has-text-align-left\">es un m\u00e9todo de selecci\u00f3n para encontrar y atraer al candidato m\u00e1s experimentado con las habilidades requeridas.<\/p>\n<\/div>\n\n\n\n<div class=\"wp-block-column is-vertically-aligned-top is-layout-flow wp-container-core-column-is-layout-6b73ce23 wp-block-column-is-layout-flow\">\n<figure class=\"wp-block-image size-large\"><img decoding=\"async\" src=\"https:\/\/www.huntee.com.mx\/blog\/wp-content\/themes\/astra\/inc\/assets\/images\/starter-content\/shopping-bag.svg\" alt=\"\" class=\"wp-image-135\"\/><\/figure>\n\n\n\n<h3 class=\"wp-block-heading has-text-align-left\" style=\"margin-top:16px\">Reclutamiento<\/h3>\n\n\n\n<p class=\"has-text-align-left\">El proceso de reclutamiento general, inicia en detectar y entender la necesidad de un recurso humano para realizar determinada tarea.<\/p>\n<\/div>\n\n\n\n<div class=\"wp-block-column is-vertically-aligned-top is-layout-flow wp-container-core-column-is-layout-6b73ce23 wp-block-column-is-layout-flow\">\n<figure class=\"wp-block-image size-large\"><img decoding=\"async\" src=\"https:\/\/www.huntee.com.mx\/blog\/wp-content\/themes\/astra\/inc\/assets\/images\/starter-content\/blog.svg\" alt=\"\" class=\"wp-image-136\"\/><\/figure>\n\n\n\n<h3 class=\"wp-block-heading has-text-align-left\" style=\"margin-top:16px\">RPO<\/h3>\n\n\n\n<p class=\"has-text-align-left\">En HUNTEE nos encargamos de asumir las tareas del departamento de atracci\u00f3n de talento, si es que tu empresa no cuenta con esta \u00e1rea en espec\u00edfico o simplemente tu estrateg\u00eda tiene que estar enfocada en otros temas.<\/p>\n<\/div>\n\n\n\n<div class=\"wp-block-column is-vertically-aligned-top is-layout-flow wp-container-core-column-is-layout-6b73ce23 wp-block-column-is-layout-flow\">\n<figure class=\"wp-block-image size-large\"><img decoding=\"async\" src=\"https:\/\/www.huntee.com.mx\/blog\/wp-content\/themes\/astra\/inc\/assets\/images\/starter-content\/portfolio.svg\" alt=\"\" class=\"wp-image-137\"\/><\/figure>\n\n\n\n<h3 class=\"wp-block-heading has-text-align-left\" style=\"margin-top:16px\">Recursos Humanos<\/h3>\n\n\n\n<p class=\"has-text-align-left\">La consultor\u00eda en gesti\u00f3n de recursos humanos implica anlizar, diagnosticar e implementar cambios en las estructuras organizacionales y aplicar herramientas que faciliten el desarrollo de organizaciones flexibles y adaptables a ritmos de cambio cada vez m\u00e1s r\u00e1pidos.<\/p>\n<\/div>\n<\/div>\n<\/div>\n\n\n\n<div class=\"wp-block-columns is-layout-flex wp-container-core-columns-is-layout-28f84493 wp-block-columns-is-layout-flex\">\n<div class=\"wp-block-column is-layout-flow wp-block-column-is-layout-flow\" style=\"flex-basis:100%\"><ul class=\"wp-block-latest-posts__list is-grid columns-3 wp-block-latest-posts\"><li><div class=\"wp-block-latest-posts__featured-image aligncenter\"><a href=\"https:\/\/www.huntee.com.mx\/blog\/liderazgo-inclusivo-desarrollo-de-competencias\/\" aria-label=\"Liderazgo Inclusivo: Desarrollo de Competencias.\"><img loading=\"lazy\" decoding=\"async\" width=\"300\" height=\"200\" src=\"https:\/\/www.huntee.com.mx\/blog\/wp-content\/uploads\/2023\/05\/rec-humanos-2-300x200.jpg\" class=\"attachment-medium size-medium wp-post-image\" alt=\"\" style=\"\" srcset=\"https:\/\/www.huntee.com.mx\/blog\/wp-content\/uploads\/2023\/05\/rec-humanos-2-300x200.jpg 300w, https:\/\/www.huntee.com.mx\/blog\/wp-content\/uploads\/2023\/05\/rec-humanos-2-768x512.jpg 768w, https:\/\/www.huntee.com.mx\/blog\/wp-content\/uploads\/2023\/05\/rec-humanos-2.jpg 1024w\" sizes=\"auto, (max-width: 300px) 100vw, 300px\" \/><\/a><\/div><a class=\"wp-block-latest-posts__post-title\" href=\"https:\/\/www.huntee.com.mx\/blog\/liderazgo-inclusivo-desarrollo-de-competencias\/\">Liderazgo Inclusivo: Desarrollo de Competencias.<\/a><div class=\"wp-block-latest-posts__post-excerpt\">El liderazgo inclusivo comienza con la capacidad de reconocer y valorar la diversidad en todas sus formas. Los l\u00edderes inclusivos deben ser conscientes de sus propios sesgos y prejuicios, y estar dispuestos a desafiarlos. <\/div><\/li>\n<li><a class=\"wp-block-latest-posts__post-title\" href=\"https:\/\/www.huntee.com.mx\/blog\/como-mejorar-tu-curriculum-consejos-para-destacar-en-el-mercado-laboral\/\">Como mejorar tu Curr\u00edculum: Consejos para destacar en el mercado laboral.<\/a><div class=\"wp-block-latest-posts__post-excerpt\">Como mejorar tu Curr\u00edculum: Consejos para destacar en el mercado laboral.<\/div><\/li>\n<li><div class=\"wp-block-latest-posts__featured-image aligncenter\"><a href=\"https:\/\/www.huntee.com.mx\/blog\/desarrollo-y-capacitacion\/\" aria-label=\"DESARROLLO Y CAPACITACI\u00d3N\"><img loading=\"lazy\" decoding=\"async\" width=\"300\" height=\"200\" src=\"https:\/\/www.huntee.com.mx\/blog\/wp-content\/uploads\/2023\/05\/rec-humanos-2-300x200.jpg\" class=\"attachment-medium size-medium wp-post-image\" alt=\"\" style=\"\" srcset=\"https:\/\/www.huntee.com.mx\/blog\/wp-content\/uploads\/2023\/05\/rec-humanos-2-300x200.jpg 300w, https:\/\/www.huntee.com.mx\/blog\/wp-content\/uploads\/2023\/05\/rec-humanos-2-768x512.jpg 768w, https:\/\/www.huntee.com.mx\/blog\/wp-content\/uploads\/2023\/05\/rec-humanos-2.jpg 1024w\" sizes=\"auto, (max-width: 300px) 100vw, 300px\" \/><\/a><\/div><a class=\"wp-block-latest-posts__post-title\" href=\"https:\/\/www.huntee.com.mx\/blog\/desarrollo-y-capacitacion\/\">DESARROLLO Y CAPACITACI\u00d3N<\/a><div class=\"wp-block-latest-posts__post-excerpt\">La consultor\u00eda de desarrollo y capacitaci\u00f3n de los empleados es una de las \u00e1reas clave de la consultor\u00eda de recursos humanos.<\/div><\/li>\n<li><div class=\"wp-block-latest-posts__featured-image aligncenter\"><a href=\"https:\/\/www.huntee.com.mx\/blog\/cultura-organizacional\/\" aria-label=\"CULTURA ORGANIZACIONAL\"><img loading=\"lazy\" decoding=\"async\" width=\"300\" height=\"200\" src=\"https:\/\/www.huntee.com.mx\/blog\/wp-content\/uploads\/2023\/05\/rec-humanos-1-300x200.jpg\" class=\"attachment-medium size-medium wp-post-image\" alt=\"\" style=\"\" srcset=\"https:\/\/www.huntee.com.mx\/blog\/wp-content\/uploads\/2023\/05\/rec-humanos-1-300x200.jpg 300w, https:\/\/www.huntee.com.mx\/blog\/wp-content\/uploads\/2023\/05\/rec-humanos-1-768x512.jpg 768w, https:\/\/www.huntee.com.mx\/blog\/wp-content\/uploads\/2023\/05\/rec-humanos-1.jpg 1024w\" sizes=\"auto, (max-width: 300px) 100vw, 300px\" \/><\/a><\/div><a class=\"wp-block-latest-posts__post-title\" href=\"https:\/\/www.huntee.com.mx\/blog\/cultura-organizacional\/\">CULTURA ORGANIZACIONAL<\/a><div class=\"wp-block-latest-posts__post-excerpt\">La consultor\u00eda en cultura empresarial se enfoca en ayudar a las empresas a crear y mantener una cultura organizacional s\u00f3lida y efectiva.<\/div><\/li>\n<li><div class=\"wp-block-latest-posts__featured-image aligncenter\"><a href=\"https:\/\/www.huntee.com.mx\/blog\/gestion-de-la-diversidad-en-el-rpo\/\" aria-label=\"GESTION DE LA DIVERSIDAD EN EL RPO\"><img loading=\"lazy\" decoding=\"async\" width=\"300\" height=\"200\" src=\"https:\/\/www.huntee.com.mx\/blog\/wp-content\/uploads\/2023\/05\/diversidad-rpo2-300x200.jpg\" class=\"attachment-medium size-medium wp-post-image\" alt=\"\" style=\"\" srcset=\"https:\/\/www.huntee.com.mx\/blog\/wp-content\/uploads\/2023\/05\/diversidad-rpo2-300x200.jpg 300w, https:\/\/www.huntee.com.mx\/blog\/wp-content\/uploads\/2023\/05\/diversidad-rpo2-768x512.jpg 768w, https:\/\/www.huntee.com.mx\/blog\/wp-content\/uploads\/2023\/05\/diversidad-rpo2.jpg 1024w\" sizes=\"auto, (max-width: 300px) 100vw, 300px\" \/><\/a><\/div><a class=\"wp-block-latest-posts__post-title\" href=\"https:\/\/www.huntee.com.mx\/blog\/gestion-de-la-diversidad-en-el-rpo\/\">GESTION DE LA DIVERSIDAD EN EL RPO<\/a><div class=\"wp-block-latest-posts__post-excerpt\">La gesti\u00f3n de la diversidad se ha convertido en una prioridad cada vez mayor para las empresas, y esto tambi\u00e9n se aplica al Recruitment Process Outsourcing (RPO).<\/div><\/li>\n<li><div class=\"wp-block-latest-posts__featured-image aligncenter\"><a href=\"https:\/\/www.huntee.com.mx\/blog\/adopcion-del-rpo-por-parte-de-pymes\/\" aria-label=\"ADOPCI\u00d3N DEL RPO POR PARTE DE PYMEs.\"><img loading=\"lazy\" decoding=\"async\" width=\"300\" height=\"200\" src=\"https:\/\/www.huntee.com.mx\/blog\/wp-content\/uploads\/2023\/05\/rpo1-300x200.jpg\" class=\"attachment-medium size-medium wp-post-image\" alt=\"\" style=\"\" srcset=\"https:\/\/www.huntee.com.mx\/blog\/wp-content\/uploads\/2023\/05\/rpo1-300x200.jpg 300w, https:\/\/www.huntee.com.mx\/blog\/wp-content\/uploads\/2023\/05\/rpo1-768x512.jpg 768w, https:\/\/www.huntee.com.mx\/blog\/wp-content\/uploads\/2023\/05\/rpo1.jpg 1024w\" sizes=\"auto, (max-width: 300px) 100vw, 300px\" \/><\/a><\/div><a class=\"wp-block-latest-posts__post-title\" href=\"https:\/\/www.huntee.com.mx\/blog\/adopcion-del-rpo-por-parte-de-pymes\/\">ADOPCI\u00d3N DEL RPO POR PARTE DE PYMEs.<\/a><div class=\"wp-block-latest-posts__post-excerpt\">El Recruitment Process Outsourcing (RPO) ha sido tradicionalmente adoptado por grandes empresas que tienen una alta cantidad de contrataciones y requieren de servicios especializados de reclutamiento.<\/div><\/li>\n<li><div class=\"wp-block-latest-posts__featured-image aligncenter\"><a href=\"https:\/\/www.huntee.com.mx\/blog\/como-varia-el-proceso-de-reclutamiento-segun-la-industria\/\" aria-label=\"\u00bfC\u00d3MO VAR\u00cdA EL PROCESO DE RECLUTAMIENTO SEG\u00daN LA INDUSTRIA?\"><img loading=\"lazy\" decoding=\"async\" width=\"300\" height=\"244\" src=\"https:\/\/www.huntee.com.mx\/blog\/wp-content\/uploads\/2023\/05\/proceso-de-reclutamiento-300x244.jpg\" class=\"attachment-medium size-medium wp-post-image\" alt=\"\" style=\"\" srcset=\"https:\/\/www.huntee.com.mx\/blog\/wp-content\/uploads\/2023\/05\/proceso-de-reclutamiento-300x244.jpg 300w, https:\/\/www.huntee.com.mx\/blog\/wp-content\/uploads\/2023\/05\/proceso-de-reclutamiento-768x624.jpg 768w, https:\/\/www.huntee.com.mx\/blog\/wp-content\/uploads\/2023\/05\/proceso-de-reclutamiento.jpg 1024w\" sizes=\"auto, (max-width: 300px) 100vw, 300px\" \/><\/a><\/div><a class=\"wp-block-latest-posts__post-title\" href=\"https:\/\/www.huntee.com.mx\/blog\/como-varia-el-proceso-de-reclutamiento-segun-la-industria\/\">\u00bfC\u00d3MO VAR\u00cdA EL PROCESO DE RECLUTAMIENTO SEG\u00daN LA INDUSTRIA?<\/a><div class=\"wp-block-latest-posts__post-excerpt\">El proceso de reclutamiento puede variar significativamente seg\u00fan la industria en la que se est\u00e9 reclutando.<\/div><\/li>\n<li><div class=\"wp-block-latest-posts__featured-image aligncenter\"><a href=\"https:\/\/www.huntee.com.mx\/blog\/tendencias-en-el-reclutamiento\/\" aria-label=\"TENDENCIAS EN EL RECLUTAMIENTO\"><img loading=\"lazy\" decoding=\"async\" width=\"300\" height=\"200\" src=\"https:\/\/www.huntee.com.mx\/blog\/wp-content\/uploads\/2023\/05\/tendencias-en-reclutamiento-300x200.jpg\" class=\"attachment-medium size-medium wp-post-image\" alt=\"\" style=\"\" srcset=\"https:\/\/www.huntee.com.mx\/blog\/wp-content\/uploads\/2023\/05\/tendencias-en-reclutamiento-300x200.jpg 300w, https:\/\/www.huntee.com.mx\/blog\/wp-content\/uploads\/2023\/05\/tendencias-en-reclutamiento-768x512.jpg 768w, https:\/\/www.huntee.com.mx\/blog\/wp-content\/uploads\/2023\/05\/tendencias-en-reclutamiento.jpg 1024w\" sizes=\"auto, (max-width: 300px) 100vw, 300px\" \/><\/a><\/div><a class=\"wp-block-latest-posts__post-title\" href=\"https:\/\/www.huntee.com.mx\/blog\/tendencias-en-el-reclutamiento\/\">TENDENCIAS EN EL RECLUTAMIENTO<\/a><div class=\"wp-block-latest-posts__post-excerpt\">El reclutamiento es un campo en constante evoluci\u00f3n, y es importante que las empresas se mantengan al d\u00eda con las tendencias emergentes para atraer y seleccionar a los mejores candidatos.<\/div><\/li>\n<li><div class=\"wp-block-latest-posts__featured-image aligncenter\"><a href=\"https:\/\/www.huntee.com.mx\/blog\/como-pueden-aprovechar-los-head-hunters-las-nuevas-oportunidades-que-surgen-en-el-mercado-laboral-actual\/\" aria-label=\"\u00bfC\u00d3MO PUEDEN APROVECHAR LOS HEAD HUNTERS LAS NUEVAS OPORTUNIDADES QUE SURGEN EN EL MERCADO LABORAL ACTUAL?\"><img loading=\"lazy\" decoding=\"async\" width=\"300\" height=\"197\" src=\"https:\/\/www.huntee.com.mx\/blog\/wp-content\/uploads\/2023\/05\/nuevas-oportunidades-laborales-300x197.jpg\" class=\"attachment-medium size-medium wp-post-image\" alt=\"\" style=\"\" srcset=\"https:\/\/www.huntee.com.mx\/blog\/wp-content\/uploads\/2023\/05\/nuevas-oportunidades-laborales-300x197.jpg 300w, https:\/\/www.huntee.com.mx\/blog\/wp-content\/uploads\/2023\/05\/nuevas-oportunidades-laborales-768x506.jpg 768w, https:\/\/www.huntee.com.mx\/blog\/wp-content\/uploads\/2023\/05\/nuevas-oportunidades-laborales.jpg 1024w\" sizes=\"auto, (max-width: 300px) 100vw, 300px\" \/><\/a><\/div><a class=\"wp-block-latest-posts__post-title\" href=\"https:\/\/www.huntee.com.mx\/blog\/como-pueden-aprovechar-los-head-hunters-las-nuevas-oportunidades-que-surgen-en-el-mercado-laboral-actual\/\">\u00bfC\u00d3MO PUEDEN APROVECHAR LOS HEAD HUNTERS LAS NUEVAS OPORTUNIDADES QUE SURGEN EN EL MERCADO LABORAL ACTUAL?<\/a><div class=\"wp-block-latest-posts__post-excerpt\">Los headhunters, tienen la responsabilidad de identificar y reclutar a los mejores candidatos para posiciones clave en las empresas.<\/div><\/li>\n<\/ul><\/div>\n<\/div>\n\n\n\n<div class=\"wp-block-group alignfull has-background is-layout-constrained wp-container-core-group-is-layout-cfcca693 wp-block-group-is-layout-constrained\" id=\"contact\" style=\"background:linear-gradient(35deg,rgb(6,0,151) 0%,rgb(130,4,255) 64%,rgb(193,15,255) 98%);padding-top:104px;padding-bottom:104px\">\n<h2 class=\"wp-block-heading has-text-align-center has-text-color\" style=\"color:#ffffff\">Contrata nuestros servicios<\/h2>\n\n\n\n<div class=\"wp-block-buttons alignwide is-horizontal is-content-justification-center is-layout-flex wp-container-core-buttons-is-layout-bba8380a wp-block-buttons-is-layout-flex\" style=\"margin-top:50px\">\n<div class=\"wp-block-button\"><a class=\"wp-block-button__link wp-element-button\" href=\"https:\/\/www.huntee.com.mx\">Ir al sitio<\/a><\/div>\n<\/div>\n<\/div>\n","protected":false},"excerpt":{"rendered":"<p>Head Hunting es un m\u00e9todo de selecci\u00f3n para encontrar y atraer al candidato m\u00e1s experimentado con las habilidades requeridas. Reclutamiento El proceso de reclutamiento general, inicia en detectar y entender la necesidad de un recurso humano para realizar determinada tarea. RPO En HUNTEE nos encargamos de asumir las tareas del departamento de atracci\u00f3n de talento, &hellip;<\/p>\n<p class=\"read-more\"> <a class=\"\" href=\"https:\/\/www.huntee.com.mx\/blog\/\"> <span class=\"screen-reader-text\">Home<\/span> Leer m\u00e1s &raquo;<\/a><\/p>\n","protected":false},"author":1,"featured_media":0,"parent":0,"menu_order":0,"comment_status":"closed","ping_status":"closed","template":"","meta":{"site-sidebar-layout":"no-sidebar","site-content-layout":"plain-container","ast-global-header-display":"","ast-banner-title-visibility":"","ast-main-header-display":"","ast-hfb-above-header-display":"","ast-hfb-below-header-display":"","ast-hfb-mobile-header-display":"","site-post-title":"disabled","ast-breadcrumbs-content":"","ast-featured-img":"","footer-sml-layout":"","theme-transparent-header-meta":"enabled","adv-header-id-meta":"","stick-header-meta":"","header-above-stick-meta":"","header-main-stick-meta":"","header-below-stick-meta":"","footnotes":""},"class_list":["post-9","page","type-page","status-publish","hentry"],"_links":{"self":[{"href":"https:\/\/www.huntee.com.mx\/blog\/wp-json\/wp\/v2\/pages\/9","targetHints":{"allow":["GET"]}}],"collection":[{"href":"https:\/\/www.huntee.com.mx\/blog\/wp-json\/wp\/v2\/pages"}],"about":[{"href":"https:\/\/www.huntee.com.mx\/blog\/wp-json\/wp\/v2\/types\/page"}],"author":[{"embeddable":true,"href":"https:\/\/www.huntee.com.mx\/blog\/wp-json\/wp\/v2\/users\/1"}],"replies":[{"embeddable":true,"href":"https:\/\/www.huntee.com.mx\/blog\/wp-json\/wp\/v2\/comments?post=9"}],"version-history":[{"count":10,"href":"https:\/\/www.huntee.com.mx\/blog\/wp-json\/wp\/v2\/pages\/9\/revisions"}],"predecessor-version":[{"id":76,"href":"https:\/\/www.huntee.com.mx\/blog\/wp-json\/wp\/v2\/pages\/9\/revisions\/76"}],"wp:attachment":[{"href":"https:\/\/www.huntee.com.mx\/blog\/wp-json\/wp\/v2\/media?parent=9"}],"curies":[{"name":"wp","href":"https:\/\/api.w.org\/{rel}","templated":true}]}}